{"id":178,"date":"2019-03-29T23:28:09","date_gmt":"2019-03-29T23:28:09","guid":{"rendered":"http:\/\/rannu.eelk.ee\/?page_id=178"},"modified":"2023-06-06T18:59:22","modified_gmt":"2023-06-06T16:59:22","slug":"kontakt","status":"publish","type":"page","link":"https:\/\/rannu.eelk.ee\/?page_id=178","title":{"rendered":"Kontakt"},"content":{"rendered":"\t\t<div data-elementor-type=\"wp-post\" data-elementor-id=\"178\" class=\"elementor elementor-178\">\n\t\t\t\t\t\t<section class=\"elementor-section elementor-top-section elementor-element elementor-element-9859bb2 elementor-section-boxed elementor-section-height-default elementor-section-height-default\" data-id=\"9859bb2\" data-element_type=\"section\">\n\t\t\t\t\t\t<div class=\"elementor-container elementor-column-gap-default\">\n\t\t\t\t\t<div class=\"elementor-column elementor-col-50 elementor-top-column elementor-element elementor-element-85d6687\" data-id=\"85d6687\" data-element_type=\"column\">\n\t\t\t<div class=\"elementor-widget-wrap elementor-element-populated\">\n\t\t\t\t\t\t<div class=\"elementor-element elementor-element-4131d4b elementor-widget elementor-widget-text-editor\" data-id=\"4131d4b\" data-element_type=\"widget\" data-widget_type=\"text-editor.default\">\n\t\t\t\t<div class=\"elementor-widget-container\">\n\t\t\t\t\t\t\t\t\t<p><span style=\"font-size: 15px; color: rgb(51, 51, 51); font-family: Verdana; font-weight: var( --e-global-typography-text-font-weight );\">EELK RANNU P\u00fcha Martini kogudus, Valga praostkond<\/span><br><\/p>\n<p><font color=\"#333333\" face=\"Verdana\"><span style=\"font-size: 15px;\">Neemisk\u00fcla, 61109 Elva vald, Tartumaa<\/span><\/font><\/p>\n<p><font color=\"#333333\" face=\"Verdana\"><span style=\"font-size: 15px;\">Tel: +372 5911 0105<\/span><\/font><\/p>\n<p><font color=\"#333333\" face=\"Verdana\"><span style=\"font-size: 15px;\">E-post: rannu@eelk.ee<\/span><\/font><\/p>\n<p><font color=\"#333333\" face=\"Verdana\"><span style=\"font-size: 15px;\">www.facebook.com\/rannukirik<\/span><\/font><\/p>\n<p><span style=\"font-size: 15px; color: rgb(51, 51, 51); font-family: Verdana; font-weight: var( --e-global-typography-text-font-weight );\">Koguduse \u00f5petaja Robert Bunder (+372 5911 0105, robert.bunder@eelk.ee)<\/span><br><\/p>\n<p><font color=\"#333333\" face=\"Verdana\"><span style=\"font-size: 15px;\">Juhatuse esimees Jaan Eensaar (+372 503 1774, jaan.eensaar@gmail.com)<\/span><\/font><\/p>\n<p><strong>Koguduse arvelduskonto<\/strong> <br>Saaja nimi: EELK Rannu kogudus <br>EE501010102020830009 SEB&nbsp;<\/p>\n<p>Oleme t\u00e4nulikud iga v\u00e4iksemagi panuse eest. Annetuse tegemisel, m\u00e4rkida selgitusse &#8220;annetus&#8221;.5911<\/p>\n<p><\/p>\t\t\t\t\t\t\t\t<\/div>\n\t\t\t\t<\/div>\n\t\t\t\t\t<\/div>\n\t\t<\/div>\n\t\t\t\t<div class=\"elementor-column elementor-col-50 elementor-top-column elementor-element elementor-element-bfb32af\" data-id=\"bfb32af\" data-element_type=\"column\">\n\t\t\t<div class=\"elementor-widget-wrap elementor-element-populated\">\n\t\t\t\t\t\t<div class=\"elementor-element elementor-element-433b117 elementor-widget elementor-widget-html\" data-id=\"433b117\" data-element_type=\"widget\" data-widget_type=\"html.default\">\n\t\t\t\t<div class=\"elementor-widget-container\">\n\t\t\t\t\t<iframe src=\"https:\/\/www.facebook.com\/plugins\/page.php?href=https%3A%2F%2Fwww.facebook.com%2Frannukirik%2F&tabs=messages&width=340&height=500&small_header=false&adapt_container_width=true&hide_cover=false&show_facepile=true&appId\"  height=\"130\" style=\"border:none;overflow:hidden;\" scrolling=\"no\" frameborder=\"0\" allowTransparency=\"true\" allow=\"encrypted-media\"><\/iframe>\t\t\t\t<\/div>\n\t\t\t\t<\/div>\n\t\t\t\t\t<\/div>\n\t\t<\/div>\n\t\t\t\t\t<\/div>\n\t\t<\/section>\n\t\t\t\t<section class=\"elementor-section elementor-top-section elementor-element elementor-element-26efb5b elementor-section-boxed elementor-section-height-default elementor-section-height-default\" data-id=\"26efb5b\" data-element_type=\"section\">\n\t\t\t\t\t\t<div class=\"elementor-container elementor-column-gap-default\">\n\t\t\t\t\t<div class=\"elementor-column elementor-col-100 elementor-top-column elementor-element elementor-element-bac0cbb\" data-id=\"bac0cbb\" data-element_type=\"column\">\n\t\t\t<div class=\"elementor-widget-wrap elementor-element-populated\">\n\t\t\t\t\t\t<div class=\"elementor-element elementor-element-b80ac84 elementor-widget elementor-widget-html\" data-id=\"b80ac84\" data-element_type=\"widget\" data-widget_type=\"html.default\">\n\t\t\t\t<div class=\"elementor-widget-container\">\n\t\t\t\t\t<iframe src=\"https:\/\/www.google.com\/maps\/embed?pb=!1m18!1m12!1m3!1d2097.0353371273995!2d26.17556451589586!3d58.29157860083018!2m3!1f0!2f0!3f0!3m2!1i1024!2i768!4f13.1!3m3!1m2!1s0x46eb42e6d81be42d%3A0xd24f5eff6b7c9bd!2sRannu+kirik!5e0!3m2!1set!2see!4v1555414132586!5m2!1set!2see\" height=\"300\" frameborder=\"0\" style=\"border:0\" allowfullscreen><\/iframe>\t\t\t\t<\/div>\n\t\t\t\t<\/div>\n\t\t\t\t\t<\/div>\n\t\t<\/div>\n\t\t\t\t\t<\/div>\n\t\t<\/section>\n\t\t\t\t<\/div>\n\t\t","protected":false},"excerpt":{"rendered":"<p>EELK RANNU P\u00fcha Martini kogudus, Valga praostkond Neemisk\u00fcla, 61109 Elva vald, Tartumaa Tel: +372 5911 0105 E-post: rannu@eelk.ee www.facebook.com\/rannukirik Koguduse \u00f5petaja Robert Bunder (+372 5911 0105, robert.bunder@eelk.ee) Juhatuse esimees Jaan Eensaar (+372 503 1774, jaan.eensaar@gmail.com) Koguduse arvelduskonto Saaja nimi: EELK Rannu kogudus EE501010102020830009 SEB&nbsp; Oleme t\u00e4nulikud iga v\u00e4iksemagi panuse eest. Annetuse tegemisel, m\u00e4rkida selgitusse &#8220;annetus&#8221;.5911<\/p>\n","protected":false},"author":1,"featured_media":0,"parent":0,"menu_order":0,"comment_status":"closed","ping_status":"closed","template":"","meta":{"ngg_post_thumbnail":0,"footnotes":""},"_links":{"self":[{"href":"https:\/\/rannu.eelk.ee\/index.php?rest_route=\/wp\/v2\/pages\/178"}],"collection":[{"href":"https:\/\/rannu.eelk.ee\/index.php?rest_route=\/wp\/v2\/pages"}],"about":[{"href":"https:\/\/rannu.eelk.ee\/index.php?rest_route=\/wp\/v2\/types\/page"}],"author":[{"embeddable":true,"href":"https:\/\/rannu.eelk.ee\/index.php?rest_route=\/wp\/v2\/users\/1"}],"replies":[{"embeddable":true,"href":"https:\/\/rannu.eelk.ee\/index.php?rest_route=%2Fwp%2Fv2%2Fcomments&post=178"}],"version-history":[{"count":45,"href":"https:\/\/rannu.eelk.ee\/index.php?rest_route=\/wp\/v2\/pages\/178\/revisions"}],"predecessor-version":[{"id":2098,"href":"https:\/\/rannu.eelk.ee\/index.php?rest_route=\/wp\/v2\/pages\/178\/revisions\/2098"}],"wp:attachment":[{"href":"https:\/\/rannu.eelk.ee\/index.php?rest_route=%2Fwp%2Fv2%2Fmedia&parent=178"}],"curies":[{"name":"wp","href":"https:\/\/api.w.org\/{rel}","templated":true}]}}