{"id":139,"date":"2019-03-29T21:11:06","date_gmt":"2019-03-29T21:11:06","guid":{"rendered":"http:\/\/rannu.eelk.ee\/?page_id=139"},"modified":"2019-07-05T14:01:01","modified_gmt":"2019-07-05T14:01:01","slug":"kulastajale","status":"publish","type":"page","link":"https:\/\/rannu.eelk.ee\/?page_id=139","title":{"rendered":"K\u00fclastajale"},"content":{"rendered":"\t\t<div data-elementor-type=\"wp-post\" data-elementor-id=\"139\" class=\"elementor elementor-139\">\n\t\t\t\t\t\t<section class=\"elementor-section elementor-top-section elementor-element elementor-element-6cc483b elementor-section-boxed elementor-section-height-default elementor-section-height-default\" data-id=\"6cc483b\" data-element_type=\"section\">\n\t\t\t\t\t\t<div class=\"elementor-container elementor-column-gap-default\">\n\t\t\t\t\t<div class=\"elementor-column elementor-col-100 elementor-top-column elementor-element elementor-element-7f381ea\" data-id=\"7f381ea\" data-element_type=\"column\">\n\t\t\t<div class=\"elementor-widget-wrap elementor-element-populated\">\n\t\t\t\t\t\t<div class=\"elementor-element elementor-element-40d2e80 elementor-widget elementor-widget-heading\" data-id=\"40d2e80\" data-element_type=\"widget\" data-widget_type=\"heading.default\">\n\t\t\t\t<div class=\"elementor-widget-container\">\n\t\t\t\t\t<h2 class=\"elementor-heading-title elementor-size-medium\"><a href=\"https:\/\/rannu.eelk.ee\/kalender\/\">Olete v\u00e4ga oodatud Rannu kirikusse!<br>&nbsp;Oleme avatud kalendris v\u00e4lja toodud s\u00fcndmuste toimumise aegadel. <br>Koguduse kalendrit saad vaadata SIIT (kliki). <\/a><\/h2>\t\t\t\t<\/div>\n\t\t\t\t<\/div>\n\t\t\t\t<div class=\"elementor-element elementor-element-f514d2a elementor-widget elementor-widget-spacer\" data-id=\"f514d2a\" data-element_type=\"widget\" data-widget_type=\"spacer.default\">\n\t\t\t\t<div class=\"elementor-widget-container\">\n\t\t\t\t\t\t\t<div class=\"elementor-spacer\">\n\t\t\t<div class=\"elementor-spacer-inner\"><\/div>\n\t\t<\/div>\n\t\t\t\t\t\t<\/div>\n\t\t\t\t<\/div>\n\t\t\t\t<div class=\"elementor-element elementor-element-0b495df elementor-widget elementor-widget-heading\" data-id=\"0b495df\" data-element_type=\"widget\" data-widget_type=\"heading.default\">\n\t\t\t\t<div class=\"elementor-widget-container\">\n\t\t\t\t\t<h2 class=\"elementor-heading-title elementor-size-default\">Asukoht kaardil<\/h2>\t\t\t\t<\/div>\n\t\t\t\t<\/div>\n\t\t\t\t<div class=\"elementor-element elementor-element-1bc4f34 elementor-widget elementor-widget-html\" data-id=\"1bc4f34\" data-element_type=\"widget\" data-widget_type=\"html.default\">\n\t\t\t\t<div class=\"elementor-widget-container\">\n\t\t\t\t\t<iframe src=\"https:\/\/www.google.com\/maps\/embed?pb=!1m18!1m12!1m3!1d2097.0353371273995!2d26.17556451589586!3d58.29157860083018!2m3!1f0!2f0!3f0!3m2!1i1024!2i768!4f13.1!3m3!1m2!1s0x46eb42e6d81be42d%3A0xd24f5eff6b7c9bd!2sRannu+kirik!5e0!3m2!1set!2see!4v1555414132586!5m2!1set!2see\" height=\"300\" frameborder=\"0\" style=\"border:0\" allowfullscreen><\/iframe>\t\t\t\t<\/div>\n\t\t\t\t<\/div>\n\t\t\t\t\t<\/div>\n\t\t<\/div>\n\t\t\t\t\t<\/div>\n\t\t<\/section>\n\t\t\t\t<\/div>\n\t\t","protected":false},"excerpt":{"rendered":"<p>Olete v\u00e4ga oodatud Rannu kirikusse!&nbsp;Oleme avatud kalendris v\u00e4lja toodud s\u00fcndmuste toimumise aegadel. Koguduse kalendrit saad vaadata SIIT (kliki). Asukoht kaardil<\/p>\n","protected":false},"author":1,"featured_media":0,"parent":109,"menu_order":0,"comment_status":"closed","ping_status":"closed","template":"","meta":{"ngg_post_thumbnail":0,"footnotes":""},"_links":{"self":[{"href":"https:\/\/rannu.eelk.ee\/index.php?rest_route=\/wp\/v2\/pages\/139"}],"collection":[{"href":"https:\/\/rannu.eelk.ee\/index.php?rest_route=\/wp\/v2\/pages"}],"about":[{"href":"https:\/\/rannu.eelk.ee\/index.php?rest_route=\/wp\/v2\/types\/page"}],"author":[{"embeddable":true,"href":"https:\/\/rannu.eelk.ee\/index.php?rest_route=\/wp\/v2\/users\/1"}],"replies":[{"embeddable":true,"href":"https:\/\/rannu.eelk.ee\/index.php?rest_route=%2Fwp%2Fv2%2Fcomments&post=139"}],"version-history":[{"count":12,"href":"https:\/\/rannu.eelk.ee\/index.php?rest_route=\/wp\/v2\/pages\/139\/revisions"}],"predecessor-version":[{"id":1302,"href":"https:\/\/rannu.eelk.ee\/index.php?rest_route=\/wp\/v2\/pages\/139\/revisions\/1302"}],"up":[{"embeddable":true,"href":"https:\/\/rannu.eelk.ee\/index.php?rest_route=\/wp\/v2\/pages\/109"}],"wp:attachment":[{"href":"https:\/\/rannu.eelk.ee\/index.php?rest_route=%2Fwp%2Fv2%2Fmedia&parent=139"}],"curies":[{"name":"wp","href":"https:\/\/api.w.org\/{rel}","templated":true}]}}