{"id":127,"date":"2019-03-29T21:07:45","date_gmt":"2019-03-29T21:07:45","guid":{"rendered":"http:\/\/rannu.eelk.ee\/?page_id=127"},"modified":"2019-04-24T11:09:07","modified_gmt":"2019-04-24T11:09:07","slug":"jumalateenistus","status":"publish","type":"page","link":"https:\/\/rannu.eelk.ee\/?page_id=127","title":{"rendered":"Jumalateenistus"},"content":{"rendered":"\t\t<div data-elementor-type=\"wp-post\" data-elementor-id=\"127\" class=\"elementor elementor-127\">\n\t\t\t\t\t\t<section class=\"elementor-section elementor-top-section elementor-element elementor-element-ce30d8e elementor-section-boxed elementor-section-height-default elementor-section-height-default\" data-id=\"ce30d8e\" data-element_type=\"section\" data-settings=\"{&quot;background_background&quot;:&quot;classic&quot;}\">\n\t\t\t\t\t\t<div class=\"elementor-container elementor-column-gap-default\">\n\t\t\t\t\t<div class=\"elementor-column elementor-col-100 elementor-top-column elementor-element elementor-element-4ccf4dd\" data-id=\"4ccf4dd\" data-element_type=\"column\" data-settings=\"{&quot;background_background&quot;:&quot;classic&quot;}\">\n\t\t\t<div class=\"elementor-widget-wrap elementor-element-populated\">\n\t\t\t\t\t\t<div class=\"elementor-element elementor-element-2a404c0 elementor-invisible elementor-widget elementor-widget-heading\" data-id=\"2a404c0\" data-element_type=\"widget\" data-settings=\"{&quot;_animation&quot;:&quot;fadeInDown&quot;}\" data-widget_type=\"heading.default\">\n\t\t\t\t<div class=\"elementor-widget-container\">\n\t\t\t\t\t<h5 class=\"elementor-heading-title elementor-size-default\">P\u00fchap\u00e4evane jumalateenistus on koguduse elu s\u00fcda. Siit ammutab kristlane usku ja j\u00f5udu oma teek\u00e4imisele.\n\n<\/h5>\t\t\t\t<\/div>\n\t\t\t\t<\/div>\n\t\t\t\t<div class=\"elementor-element elementor-element-baef3d4 elementor-invisible elementor-widget elementor-widget-text-editor\" data-id=\"baef3d4\" data-element_type=\"widget\" data-settings=\"{&quot;_animation&quot;:&quot;fadeInUp&quot;}\" data-widget_type=\"text-editor.default\">\n\t\t\t\t<div class=\"elementor-widget-container\">\n\t\t\t\t\t\t\t\t\t<p>Jumalateenistust nimetatakse tihti ka liturgiaks. See tuleneb kreekakeelsest s\u00f5nast leitourgia, mis t\u00e4hendab \u00fcheskoos teenimist, toimingut, mille teostamiseks muutus grupp inimesi \u201c\u00fcheks ihuks\u201d, mida nad polnuks pelgalt indiviidide summana. See t\u00e4hendas ka inimese v\u00f5i grupi tegutsemist omal kulul \u00fchiskonna \u00fcldiseks heaks. N\u00f5nda oli Iisraeli liturgiaks maailma ettevalmistamine Messia tulekuks; ja selles sai neist Jumala Iisrael, Tema eesm\u00e4rkideks valitud rahvas.<\/p><p>K\u00f5ik inimesed on kutsutud teenima Jumalat. See toimub ennek\u00f5ike armastuse ja heategemise kaudu oma kaasinimesi teenides ja armastades. Kiriklikul jumalateenistusel aga teenitakse Jumalat ka sisemise, \u00fclespoole suunatud armastusega ja t\u00e4nuliku meelega selle eest, mida Jumal on inimeste heaks teinud.<\/p><p>Armulauaga jumalateenistust nimetatakse ka euharistiaks ehk t\u00e4nuohvriks, v\u00f5i ka missaks. See s\u00f5na on kasutusel nii katoliiklastel, luterlastel kui ka anglikaanidel ning tuleneb kunagi \u00fcldlevinud jumalateenistuse korra ladinakeelsetest l\u00f5pus\u00f5nadest: \u201cIte, missa est!\u201d (s\u00f5nas\u00f5nalt: minge, on l\u00e4kitatud!). See nimi on v\u00e4ga s\u00fcmboolne. Jumal kogub missal oma rahva, vabastab patuorjusest ja saadab hinge valguskiire, toidab oma s\u00f5na ja sakramendiga ning saadab siis uuesti maailma keskele tagasi t\u00e4itma oma teenimis\u00fclesannet ligimesi armastuses teenida ja olla Kristuse saadikud nende heaks.<\/p>\t\t\t\t\t\t\t\t<\/div>\n\t\t\t\t<\/div>\n\t\t\t\t\t<\/div>\n\t\t<\/div>\n\t\t\t\t\t<\/div>\n\t\t<\/section>\n\t\t\t\t<section class=\"elementor-section elementor-top-section elementor-element elementor-element-c9d4fdd elementor-section-boxed elementor-section-height-default elementor-section-height-default\" data-id=\"c9d4fdd\" data-element_type=\"section\">\n\t\t\t\t\t\t<div class=\"elementor-container elementor-column-gap-default\">\n\t\t\t\t\t<div class=\"elementor-column elementor-col-100 elementor-top-column elementor-element elementor-element-68f38f7\" data-id=\"68f38f7\" data-element_type=\"column\">\n\t\t\t<div class=\"elementor-widget-wrap elementor-element-populated\">\n\t\t\t\t\t\t<div class=\"elementor-element elementor-element-ca30456 elementor-widget elementor-widget-spacer\" data-id=\"ca30456\" data-element_type=\"widget\" data-widget_type=\"spacer.default\">\n\t\t\t\t<div class=\"elementor-widget-container\">\n\t\t\t\t\t\t\t<div class=\"elementor-spacer\">\n\t\t\t<div class=\"elementor-spacer-inner\"><\/div>\n\t\t<\/div>\n\t\t\t\t\t\t<\/div>\n\t\t\t\t<\/div>\n\t\t\t\t<div class=\"elementor-element elementor-element-be3c3e3 elementor-widget elementor-widget-heading\" data-id=\"be3c3e3\" data-element_type=\"widget\" data-widget_type=\"heading.default\">\n\t\t\t\t<div class=\"elementor-widget-container\">\n\t\t\t\t\t<h2 class=\"elementor-heading-title elementor-size-default\">Kirikulise meelespea<\/h2>\t\t\t\t<\/div>\n\t\t\t\t<\/div>\n\t\t\t\t<div class=\"elementor-element elementor-element-019655c elementor-widget elementor-widget-text-editor\" data-id=\"019655c\" data-element_type=\"widget\" data-widget_type=\"text-editor.default\">\n\t\t\t\t<div class=\"elementor-widget-container\">\n\t\t\t\t\t\t\t\t\t<p style=\"margin-right: 0px; margin-bottom: 24px; margin-left: 0px; padding: 0px; font-family: Verdana; color: #333333; font-size: 15px;\">Mehed v\u00f5tavad kirikus alati m\u00fctsi peast. Naised p\u00e4\u00e4sevad luterlikku kirikusse ka p\u00fckstes ja ilma peakatteta. Kirikusse tullakse ikka v\u00e4\u00e4rikais riideis, rannar\u00f5ivais ei ole s\u00fcnnis tulla.<\/p><p style=\"margin-right: 0px; margin-bottom: 24px; margin-left: 0px; padding: 0px; font-family: Verdana; color: #333333; font-size: 15px;\">Kirikusse astudes seisatatakse v\u00f5i p\u00f5lvitatakse palveks. Ennast v\u00f5ib \u00f5nnistada ka ristim\u00e4rgi tegemisega. Mobiiltelefon l\u00fclitatakse kirikus v\u00e4lja.<\/p><p style=\"margin-right: 0px; margin-bottom: 24px; margin-left: 0px; padding: 0px; font-family: Verdana; color: #333333; font-size: 15px;\">Kui on vaja vaimulikuga r\u00e4\u00e4kida, esitada eestpalvesoovi v\u00f5i m\u00e4lestamisi, saab seda teha enne jumalateenistuse algust \u2013 soovitavalt v\u00f5imalikult aegsasti \u2013 k\u00e4\u00e4rkambris. Sageli on kirikus tegevad ka abilised, kes tervitavad saabujaid ning jagavad lauluraamatuid \u2013 ka nende poole v\u00f5ib oma k\u00fcsimustega julgesti p\u00f6\u00f6rduda.<\/p><p style=\"margin-right: 0px; margin-bottom: 24px; margin-left: 0px; padding: 0px; font-family: Verdana; color: #333333; font-size: 15px;\">Jumalateenistusele tullakse \u00f5igeks ajaks ja ollakse kuni l\u00f5puni. Hilineja p\u00fc\u00fcab leida endale koha teisi segamata.<\/p><p style=\"margin-right: 0px; margin-bottom: 24px; margin-left: 0px; padding: 0px; font-family: Verdana; color: #333333; font-size: 15px;\">Jumalateenistuse ajal kirikus niisama ei jalutata. Kirikuga tutvuda saab muul ajal.<\/p><p style=\"margin-right: 0px; margin-bottom: 24px; margin-left: 0px; padding: 0px; font-family: Verdana; color: #333333; font-size: 15px;\">Erandiks on lapsed, kes v\u00f5ivad \u00fche koha peal istudes v\u00e4sida ja tahavad kirikus ringi liikuda. Tasakesi kirikus ringi tatsav ja kirikulisi uudistav laps h\u00e4irib jumalateenistust v\u00e4hem kui vanemate pragamine lapse nihelemise p\u00e4rast. Laps \u00f5pib kirikus k\u00e4itumist ainult nii, kui vanemad ja vanavanemad teda jumalateenistusele kaasa v\u00f5tavad ja m\u00f5istvalt last suunavad, seep\u00e4rast on v\u00e4ga oluline lapsi jumalateenistustele kaasa v\u00f5tta. M\u00f5nes kirikus on laste jaoks sisustatud ka eraldi nurgad v\u00f5i lausa omad ruumid, kus nad saavad jumalateenistust j\u00e4lgida joonistades v\u00f5i m\u00e4ngides.<\/p><p style=\"margin-right: 0px; margin-bottom: 24px; margin-left: 0px; padding: 0px; font-family: Verdana; color: #333333; font-size: 15px;\">Jumalateenistusel on oma kindel kord ja r\u00fctm, et kogudus suudaks elada, m\u00f5telda, palvetada ja laulda kaasa. Jumalateenistuse k\u00e4iku on h\u00f5lbus j\u00e4lgida ja \u00f5ppida lauluraamatu abil, kus k\u00f5ik p\u00f5hiline on olemas. Paljudes kogudustes on jumalateenistuse kord \u00e4ra toodud ka eraldi vihikukestes.<\/p>\t\t\t\t\t\t\t\t<\/div>\n\t\t\t\t<\/div>\n\t\t\t\t\t<\/div>\n\t\t<\/div>\n\t\t\t\t\t<\/div>\n\t\t<\/section>\n\t\t\t\t<section class=\"elementor-section elementor-top-section elementor-element elementor-element-55dabb7 elementor-section-boxed elementor-section-height-default elementor-section-height-default\" data-id=\"55dabb7\" data-element_type=\"section\">\n\t\t\t\t\t\t<div class=\"elementor-container elementor-column-gap-default\">\n\t\t\t\t\t<div class=\"elementor-column elementor-col-100 elementor-top-column elementor-element elementor-element-6d613ba\" data-id=\"6d613ba\" data-element_type=\"column\">\n\t\t\t<div class=\"elementor-widget-wrap elementor-element-populated\">\n\t\t\t\t\t\t<div class=\"elementor-element elementor-element-4d711ce elementor-widget elementor-widget-text-editor\" data-id=\"4d711ce\" data-element_type=\"widget\" data-widget_type=\"text-editor.default\">\n\t\t\t\t<div class=\"elementor-widget-container\">\n\t\t\t\t\t\t\t\t\t<p style=\"margin-right: 0px; margin-bottom: 24px; margin-left: 0px; padding: 0px; font-family: Verdana; color: #333333; font-size: 15px;\">Kui \u00f5petaja kutsub altari juurde armulauale, tuleb silmas pidada, et armulauda v\u00f5ivad kirikukorrakohaselt vastu v\u00f5tta ristitud ja leeritatud kristlased (ristitud laps v\u00f5ib saada armulauda, kui talle on selle olemust selgitatud ning temaga kaasas olev vanem v\u00f5i hooldaja seda vaimulikule kinnitab). Siiski ei pea ka teised armulaua ajaks j\u00e4\u00e4ma pinki v\u00f5i vanemad lapse p\u00e4rast armulauale minemata \u2013 altariv\u00f5re ees p\u00f5lvitades ning asetades parema k\u00e4e oma s\u00fcdame kohale antakse m\u00e4rku, et soovitakse vaimulikult \u00f5nnistamist.<\/p><p style=\"margin-right: 0px; margin-bottom: 24px; margin-left: 0px; padding: 0px; font-family: Verdana; color: #333333; font-size: 15px;\">Luterliku kiriku liige v\u00f5ib minna igal pool luterliku kiriku jumalateenistusel armulauale.<\/p><p style=\"margin-right: 0px; margin-bottom: 24px; margin-left: 0px; padding: 0px; font-family: Verdana; color: #333333; font-size: 15px;\">Millal seista v\u00f5i istuda? Me ei t\u00f5use sellep\u00e4rast, et kiriku\u00f5petaja r\u00e4\u00e4gib, vaid austame Jumalat, kelle s\u00f5na me kuuleme ja kelle poole palvetame. \u00dcldiselt on tavaks, et palvete, kiituslaulu, piiblilugemiste, usutunnistuse, armulaualiturgia ja \u00f5nnistamise ajal seistakse.<\/p><p style=\"margin-right: 0px; margin-bottom: 24px; margin-left: 0px; padding: 0px; font-family: Verdana; color: #333333; font-size: 15px;\">Plaksutamine?! Kirikukontsertki on jumalateenistus ja plaksutada on kohane kavaterviku l\u00f5pus. Aga vaikust pole kirikus vaja ka karta! P\u00e4rast palvet, n\u00f5ndasamuti p\u00e4rast kirikuh\u00fcmni ja palvelaule (nt \u201cHoia, Jumal, Eestit\u2026\u201d) ei plaksutata.<\/p><p style=\"margin-right: 0px; margin-bottom: 24px; margin-left: 0px; padding: 0px; font-family: Verdana; color: #333333; font-size: 15px;\">Kirik elab inimeste annetustest. Kiriku ukse juures on tavaliselt selleks otstarbeks pandud korjanduskarp v\u00f5i toimub annetuste kogumine jumalateenistuse k\u00e4igus. Kellel ei ole raha, ei ole kohustatud annetama, kuid r\u00f5\u00f5msa ja t\u00e4nuliku s\u00fcdamega toodud and on \u00f5nnistuseks nii kogudusele, kui ka andjale endale.<\/p><p style=\"margin-right: 0px; margin-bottom: 24px; margin-left: 0px; padding: 0px; font-family: Verdana; color: #333333; font-size: 15px;\">Kirikust minnakse v\u00e4lja alles l\u00f5pulaulu v\u00f5i oreli l\u00f5pum\u00e4ngu j\u00e4rel, nii nagu koguduses tavaks on kujunenud. Kui m\u00f6\u00f6dap\u00e4\u00e4smatul p\u00f5hjusel on vaja lahkuda enne jumalateenistuse l\u00f5ppu, v\u00f5ib seda teha m\u00f5ne koguduselaulu ajal. Palve v\u00f5i \u00f5nnistamise ajal ei sobi kirikust v\u00e4ljuda.<\/p><p style=\"margin-right: 0px; margin-bottom: 24px; margin-left: 0px; padding: 0px; font-family: Verdana; color: #333333; font-size: 15px;\">Ka siis, kui kirikus ei ole parajasti jumalateenistust, ei tohi k\u00f5rvalised isikud minna altarisse, kantslisse v\u00f5i orelipuldi taha. Jumalateenistuse ajal ei tohi ilma kiriku\u00f5petaja v\u00f5i kirikuteenija k\u00e4est luba k\u00fcsimata pildistada v\u00f5i filmida. See v\u00f5ib hakata h\u00e4irima jumalateenistuse p\u00fchalikkust ja \u00fcmberolevaid kirikulisi. Oluline on ka seda arvestada, et palvetamise ja armulaua vastuv\u00f5tmise ajal ei sobi kedagi pildistada ega filmida. Need on inimese s\u00fcgavalt isiklikud asjad ja neisse pole s\u00fcnnis kaameraga sekkuda.<\/p>\t\t\t\t\t\t\t\t<\/div>\n\t\t\t\t<\/div>\n\t\t\t\t\t<\/div>\n\t\t<\/div>\n\t\t\t\t\t<\/div>\n\t\t<\/section>\n\t\t\t\t<section class=\"elementor-section elementor-top-section elementor-element elementor-element-59c1ab4 elementor-section-boxed elementor-section-height-default elementor-section-height-default\" data-id=\"59c1ab4\" data-element_type=\"section\" data-settings=\"{&quot;background_background&quot;:&quot;classic&quot;}\">\n\t\t\t\t\t\t<div class=\"elementor-container elementor-column-gap-default\">\n\t\t\t\t\t<div class=\"elementor-column elementor-col-100 elementor-top-column elementor-element elementor-element-d775bc3\" data-id=\"d775bc3\" data-element_type=\"column\">\n\t\t\t<div class=\"elementor-widget-wrap elementor-element-populated\">\n\t\t\t\t\t\t<div class=\"elementor-element elementor-element-d51f2d1 elementor-invisible elementor-widget elementor-widget-testimonial\" data-id=\"d51f2d1\" data-element_type=\"widget\" data-settings=\"{&quot;_animation&quot;:&quot;fadeInDown&quot;}\" data-widget_type=\"testimonial.default\">\n\t\t\t\t<div class=\"elementor-widget-container\">\n\t\t\t\t\t\t\t<div class=\"elementor-testimonial-wrapper\">\n\t\t\t\t\t\t\t<div class=\"elementor-testimonial-content\"><span style=\"font-size: 20px;\">Sest n\u00f5nda on Jumal maailma armastanud, et ta oma ainus\u00fcndinud Poja on andnud, et \u00fckski, kes temasse usub, ei hukkuks, vaid et tal oleks igavene elu. Jumal ei ole ju l\u00e4kitanud oma Poega maailma, et ta kohut m\u00f5istaks maailma \u00fcle, vaid et maailm tema l\u00e4bi p\u00e4\u00e4stetaks.<\/span><\/div>\n\t\t\t\n\t\t\t\t\t\t<div class=\"elementor-testimonial-meta\">\n\t\t\t\t<div class=\"elementor-testimonial-meta-inner\">\n\t\t\t\t\t\n\t\t\t\t\t\t\t\t\t\t<div class=\"elementor-testimonial-details\">\n\t\t\t\t\t\t\t\t\t\t\t\t\t\t<div class=\"elementor-testimonial-name\">Jh 3:16-17<\/div>\n\t\t\t\t\t\t\t\t\t\t\t\t\t\t\t\t\t\t\t<\/div>\n\t\t\t\t\t\t\t\t\t<\/div>\n\t\t\t<\/div>\n\t\t\t\t\t<\/div>\n\t\t\t\t\t\t<\/div>\n\t\t\t\t<\/div>\n\t\t\t\t\t<\/div>\n\t\t<\/div>\n\t\t\t\t\t<\/div>\n\t\t<\/section>\n\t\t\t\t<\/div>\n\t\t","protected":false},"excerpt":{"rendered":"<p>P\u00fchap\u00e4evane jumalateenistus on koguduse elu s\u00fcda. Siit ammutab kristlane usku ja j\u00f5udu oma teek\u00e4imisele. Jumalateenistust nimetatakse tihti ka liturgiaks. See tuleneb kreekakeelsest s\u00f5nast leitourgia, mis t\u00e4hendab \u00fcheskoos teenimist, toimingut, mille teostamiseks muutus grupp inimesi \u201c\u00fcheks ihuks\u201d, mida nad polnuks pelgalt indiviidide summana. See t\u00e4hendas ka inimese v\u00f5i grupi tegutsemist omal kulul \u00fchiskonna \u00fcldiseks heaks. N\u00f5nda [&hellip;]<\/p>\n","protected":false},"author":1,"featured_media":0,"parent":109,"menu_order":0,"comment_status":"closed","ping_status":"closed","template":"","meta":{"ngg_post_thumbnail":0,"footnotes":""},"_links":{"self":[{"href":"https:\/\/rannu.eelk.ee\/index.php?rest_route=\/wp\/v2\/pages\/127"}],"collection":[{"href":"https:\/\/rannu.eelk.ee\/index.php?rest_route=\/wp\/v2\/pages"}],"about":[{"href":"https:\/\/rannu.eelk.ee\/index.php?rest_route=\/wp\/v2\/types\/page"}],"author":[{"embeddable":true,"href":"https:\/\/rannu.eelk.ee\/index.php?rest_route=\/wp\/v2\/users\/1"}],"replies":[{"embeddable":true,"href":"https:\/\/rannu.eelk.ee\/index.php?rest_route=%2Fwp%2Fv2%2Fcomments&post=127"}],"version-history":[{"count":26,"href":"https:\/\/rannu.eelk.ee\/index.php?rest_route=\/wp\/v2\/pages\/127\/revisions"}],"predecessor-version":[{"id":1051,"href":"https:\/\/rannu.eelk.ee\/index.php?rest_route=\/wp\/v2\/pages\/127\/revisions\/1051"}],"up":[{"embeddable":true,"href":"https:\/\/rannu.eelk.ee\/index.php?rest_route=\/wp\/v2\/pages\/109"}],"wp:attachment":[{"href":"https:\/\/rannu.eelk.ee\/index.php?rest_route=%2Fwp%2Fv2%2Fmedia&parent=127"}],"curies":[{"name":"wp","href":"https:\/\/api.w.org\/{rel}","templated":true}]}}