{"id":115,"date":"2019-03-29T21:00:36","date_gmt":"2019-03-29T21:00:36","guid":{"rendered":"http:\/\/rannu.eelk.ee\/?page_id=115"},"modified":"2022-02-21T19:16:48","modified_gmt":"2022-02-21T17:16:48","slug":"tutvustus","status":"publish","type":"page","link":"https:\/\/rannu.eelk.ee\/?page_id=115","title":{"rendered":"Tutvustus"},"content":{"rendered":"\t\t<div data-elementor-type=\"wp-post\" data-elementor-id=\"115\" class=\"elementor elementor-115\">\n\t\t\t\t\t\t<section class=\"elementor-section elementor-top-section elementor-element elementor-element-27c31ac elementor-section-boxed elementor-section-height-default elementor-section-height-default\" data-id=\"27c31ac\" data-element_type=\"section\" data-settings=\"{&quot;background_background&quot;:&quot;classic&quot;}\">\n\t\t\t\t\t\t<div class=\"elementor-container elementor-column-gap-default\">\n\t\t\t\t\t<div class=\"elementor-column elementor-col-100 elementor-top-column elementor-element elementor-element-132ef22\" data-id=\"132ef22\" data-element_type=\"column\">\n\t\t\t<div class=\"elementor-widget-wrap elementor-element-populated\">\n\t\t\t\t\t\t<div class=\"elementor-element elementor-element-80fa059 elementor-invisible elementor-widget elementor-widget-text-editor\" data-id=\"80fa059\" data-element_type=\"widget\" data-settings=\"{&quot;_animation&quot;:&quot;fadeInUp&quot;}\" data-widget_type=\"text-editor.default\">\n\t\t\t\t<div class=\"elementor-widget-container\">\n\t\t\t\t\t\t\t\t\t<p>Rannu kihelkond on \u00fcks vanemaid Eestis. Teadaolevalt oli Rannus iseseisev preester juba 1347. aastal. Praegusel kohal paiknev p\u00fcha Martinuse kirik p\u00e4rineb 15. sajandist. Sellele viitavad m\u00f5ned kiriku kooris ja pikihoones s\u00e4ilinud detailid, mis samas kinnitavad, et Rannu kirik v\u00f5is sel ajal olla sisekujunduselt Eesti kirikute hulgas \u00fcks v\u00e4ljapaistvamaid.<\/p>\t\t\t\t\t\t\t\t<\/div>\n\t\t\t\t<\/div>\n\t\t\t\t\t<\/div>\n\t\t<\/div>\n\t\t\t\t\t<\/div>\n\t\t<\/section>\n\t\t\t\t<section class=\"elementor-section elementor-top-section elementor-element elementor-element-fd5667a elementor-section-boxed elementor-section-height-default elementor-section-height-default\" data-id=\"fd5667a\" data-element_type=\"section\">\n\t\t\t\t\t\t<div class=\"elementor-container elementor-column-gap-default\">\n\t\t\t\t\t<div class=\"elementor-column elementor-col-100 elementor-top-column elementor-element elementor-element-8223642\" data-id=\"8223642\" data-element_type=\"column\">\n\t\t\t<div class=\"elementor-widget-wrap elementor-element-populated\">\n\t\t\t\t\t\t<div class=\"elementor-element elementor-element-33e179b elementor-widget elementor-widget-spacer\" data-id=\"33e179b\" data-element_type=\"widget\" data-widget_type=\"spacer.default\">\n\t\t\t\t<div class=\"elementor-widget-container\">\n\t\t\t\t\t\t\t<div class=\"elementor-spacer\">\n\t\t\t<div class=\"elementor-spacer-inner\"><\/div>\n\t\t<\/div>\n\t\t\t\t\t\t<\/div>\n\t\t\t\t<\/div>\n\t\t\t\t<div class=\"elementor-element elementor-element-6b68440 elementor-widget elementor-widget-heading\" data-id=\"6b68440\" data-element_type=\"widget\" data-widget_type=\"heading.default\">\n\t\t\t\t<div class=\"elementor-widget-container\">\n\t\t\t\t\t<h2 class=\"elementor-heading-title elementor-size-default\">Kiriku sisustus<\/h2>\t\t\t\t<\/div>\n\t\t\t\t<\/div>\n\t\t\t\t<div class=\"elementor-element elementor-element-0043c6e elementor-widget elementor-widget-text-editor\" data-id=\"0043c6e\" data-element_type=\"widget\" data-widget_type=\"text-editor.default\">\n\t\t\t\t<div class=\"elementor-widget-container\">\n\t\t\t\t\t\t\t\t\t<p><span style=\"font-size: 1rem;\">Kiriku sisustusest v\u00e4\u00e4rib k\u00f5ige enam t\u00e4helepanu kantsel, mille korpus on valmistatud 16. sajandi keskpaiku (1554. a.) Tartu meistri poolt. Trepistik ja k\u00f5lar\u00e4\u00e4stas on lisatud 17. sajandil. Arvatavasti on see kantsel Rannu kirikusse toodud m\u00f5nest Tartu linna kirikust seoses kiriku remondit\u00f6\u00f6dega 1640. aastatel. 1634. aasta visitatsiooniprotokollist selgub, et siis kantslit veel Rannus polnud. Kunstiliselt kuulub see renessanss-stiili ja on Baltikumi vanim s\u00e4ilinud kantsel. Kantsli k\u00fclgedel paiknevad nikerdatud reljeefid, kus on kujutatud Kristust koos Ristija Johannese, Moosese ja Aaroniga. See kombinatsioon on \u00fcsna erandlik, kuna tavaliselt kujutatakse Kristust koos nelja evangelistiga.<\/span><\/p>\t\t\t\t\t\t\t\t<\/div>\n\t\t\t\t<\/div>\n\t\t\t\t<div class=\"elementor-element elementor-element-163a685 elementor-arrows-position-inside elementor-widget elementor-widget-image-carousel\" data-id=\"163a685\" data-element_type=\"widget\" data-settings=\"{&quot;navigation&quot;:&quot;arrows&quot;,&quot;autoplay&quot;:&quot;no&quot;,&quot;infinite&quot;:&quot;no&quot;,&quot;speed&quot;:500}\" data-widget_type=\"image-carousel.default\">\n\t\t\t\t<div class=\"elementor-widget-container\">\n\t\t\t\t\t\t\t<div class=\"elementor-image-carousel-wrapper swiper\" role=\"region\" aria-roledescription=\"carousel\" aria-label=\"Image Carousel\" dir=\"ltr\">\n\t\t\t<div class=\"elementor-image-carousel swiper-wrapper\" aria-live=\"polite\">\n\t\t\t\t\t\t\t\t<div class=\"swiper-slide\" role=\"group\" aria-roledescription=\"slide\" aria-label=\"1 of 5\"><a data-elementor-open-lightbox=\"yes\" data-elementor-lightbox-slideshow=\"163a685\" data-elementor-lightbox-title=\"kantsel1\" data-e-action-hash=\"#elementor-action%3Aaction%3Dlightbox%26settings%3DeyJpZCI6OTI0LCJ1cmwiOiJodHRwczpcL1wvcmFubnUuZWVsay5lZVwvd3AtY29udGVudFwvdXBsb2Fkc1wvMjAxOVwvMDRcL2thbnRzZWwxLmpwZyIsInNsaWRlc2hvdyI6IjE2M2E2ODUifQ%3D%3D\" href=\"https:\/\/rannu.eelk.ee\/wp-content\/uploads\/2019\/04\/kantsel1.jpg\"><figure class=\"swiper-slide-inner\"><img decoding=\"async\" class=\"swiper-slide-image\" src=\"https:\/\/rannu.eelk.ee\/wp-content\/uploads\/2019\/04\/kantsel1-768x512.jpg\" alt=\"kantsel1\" \/><\/figure><\/a><\/div><div class=\"swiper-slide\" role=\"group\" aria-roledescription=\"slide\" aria-label=\"2 of 5\"><a data-elementor-open-lightbox=\"yes\" data-elementor-lightbox-slideshow=\"163a685\" data-elementor-lightbox-title=\"kantsel3\" data-e-action-hash=\"#elementor-action%3Aaction%3Dlightbox%26settings%3DeyJpZCI6OTI2LCJ1cmwiOiJodHRwczpcL1wvcmFubnUuZWVsay5lZVwvd3AtY29udGVudFwvdXBsb2Fkc1wvMjAxOVwvMDRcL2thbnRzZWwzLmpwZyIsInNsaWRlc2hvdyI6IjE2M2E2ODUifQ%3D%3D\" href=\"https:\/\/rannu.eelk.ee\/wp-content\/uploads\/2019\/04\/kantsel3.jpg\"><figure class=\"swiper-slide-inner\"><img decoding=\"async\" class=\"swiper-slide-image\" src=\"https:\/\/rannu.eelk.ee\/wp-content\/uploads\/2019\/04\/kantsel3-768x512.jpg\" alt=\"kantsel3\" \/><\/figure><\/a><\/div><div class=\"swiper-slide\" role=\"group\" aria-roledescription=\"slide\" aria-label=\"3 of 5\"><a data-elementor-open-lightbox=\"yes\" data-elementor-lightbox-slideshow=\"163a685\" data-elementor-lightbox-title=\"kantsel4\" data-e-action-hash=\"#elementor-action%3Aaction%3Dlightbox%26settings%3DeyJpZCI6OTI3LCJ1cmwiOiJodHRwczpcL1wvcmFubnUuZWVsay5lZVwvd3AtY29udGVudFwvdXBsb2Fkc1wvMjAxOVwvMDRcL2thbnRzZWw0LmpwZyIsInNsaWRlc2hvdyI6IjE2M2E2ODUifQ%3D%3D\" href=\"https:\/\/rannu.eelk.ee\/wp-content\/uploads\/2019\/04\/kantsel4.jpg\"><figure class=\"swiper-slide-inner\"><img decoding=\"async\" class=\"swiper-slide-image\" src=\"https:\/\/rannu.eelk.ee\/wp-content\/uploads\/2019\/04\/kantsel4-768x512.jpg\" alt=\"kantsel4\" \/><\/figure><\/a><\/div><div class=\"swiper-slide\" role=\"group\" aria-roledescription=\"slide\" aria-label=\"4 of 5\"><a data-elementor-open-lightbox=\"yes\" data-elementor-lightbox-slideshow=\"163a685\" data-elementor-lightbox-title=\"kantsel5\" data-e-action-hash=\"#elementor-action%3Aaction%3Dlightbox%26settings%3DeyJpZCI6OTI4LCJ1cmwiOiJodHRwczpcL1wvcmFubnUuZWVsay5lZVwvd3AtY29udGVudFwvdXBsb2Fkc1wvMjAxOVwvMDRcL2thbnRzZWw1LmpwZyIsInNsaWRlc2hvdyI6IjE2M2E2ODUifQ%3D%3D\" href=\"https:\/\/rannu.eelk.ee\/wp-content\/uploads\/2019\/04\/kantsel5.jpg\"><figure class=\"swiper-slide-inner\"><img decoding=\"async\" class=\"swiper-slide-image\" src=\"https:\/\/rannu.eelk.ee\/wp-content\/uploads\/2019\/04\/kantsel5-768x512.jpg\" alt=\"kantsel5\" \/><\/figure><\/a><\/div><div class=\"swiper-slide\" role=\"group\" aria-roledescription=\"slide\" aria-label=\"5 of 5\"><a data-elementor-open-lightbox=\"yes\" data-elementor-lightbox-slideshow=\"163a685\" data-elementor-lightbox-title=\"kantsel6\" data-e-action-hash=\"#elementor-action%3Aaction%3Dlightbox%26settings%3DeyJpZCI6OTI5LCJ1cmwiOiJodHRwczpcL1wvcmFubnUuZWVsay5lZVwvd3AtY29udGVudFwvdXBsb2Fkc1wvMjAxOVwvMDRcL2thbnRzZWw2LmpwZyIsInNsaWRlc2hvdyI6IjE2M2E2ODUifQ%3D%3D\" href=\"https:\/\/rannu.eelk.ee\/wp-content\/uploads\/2019\/04\/kantsel6.jpg\"><figure class=\"swiper-slide-inner\"><img decoding=\"async\" class=\"swiper-slide-image\" src=\"https:\/\/rannu.eelk.ee\/wp-content\/uploads\/2019\/04\/kantsel6-768x512.jpg\" alt=\"kantsel6\" \/><\/figure><\/a><\/div>\t\t\t<\/div>\n\t\t\t\t\t\t\t\t\t\t\t\t<div class=\"elementor-swiper-button elementor-swiper-button-prev\" role=\"button\" tabindex=\"0\">\n\t\t\t\t\t\t<i aria-hidden=\"true\" class=\"eicon-chevron-left\"><\/i>\t\t\t\t\t<\/div>\n\t\t\t\t\t<div class=\"elementor-swiper-button elementor-swiper-button-next\" role=\"button\" tabindex=\"0\">\n\t\t\t\t\t\t<i aria-hidden=\"true\" class=\"eicon-chevron-right\"><\/i>\t\t\t\t\t<\/div>\n\t\t\t\t\n\t\t\t\t\t\t\t\t\t<\/div>\n\t\t\t\t\t\t<\/div>\n\t\t\t\t<\/div>\n\t\t\t\t<div class=\"elementor-element elementor-element-294f0d6 elementor-widget elementor-widget-spacer\" data-id=\"294f0d6\" data-element_type=\"widget\" data-widget_type=\"spacer.default\">\n\t\t\t\t<div class=\"elementor-widget-container\">\n\t\t\t\t\t\t\t<div class=\"elementor-spacer\">\n\t\t\t<div class=\"elementor-spacer-inner\"><\/div>\n\t\t<\/div>\n\t\t\t\t\t\t<\/div>\n\t\t\t\t<\/div>\n\t\t\t\t<div class=\"elementor-element elementor-element-fc77485 elementor-widget elementor-widget-heading\" data-id=\"fc77485\" data-element_type=\"widget\" data-widget_type=\"heading.default\">\n\t\t\t\t<div class=\"elementor-widget-container\">\n\t\t\t\t\t<h2 class=\"elementor-heading-title elementor-size-default\">Rannu kirik ETV saatesarjas \u201cT\u00e4hendamisi\u201d<\/h2>\t\t\t\t<\/div>\n\t\t\t\t<\/div>\n\t\t\t\t<div class=\"elementor-element elementor-element-6bf3d95 elementor-widget elementor-widget-html\" data-id=\"6bf3d95\" data-element_type=\"widget\" data-widget_type=\"html.default\">\n\t\t\t\t<div class=\"elementor-widget-container\">\n\t\t\t\t\t<iframe style=\"width: 670px; height: 377px; margin: 0 auto; display: block;\" src=\"\/\/services.err.ee\/media\/embed\/939470\" frameborder=\"0\" mozallowfullscreen webkitallowfullscreen allowfullscreen><\/iframe>\t\t\t\t<\/div>\n\t\t\t\t<\/div>\n\t\t\t\t\t<\/div>\n\t\t<\/div>\n\t\t\t\t\t<\/div>\n\t\t<\/section>\n\t\t\t\t<\/div>\n\t\t","protected":false},"excerpt":{"rendered":"<p>Rannu kihelkond on \u00fcks vanemaid Eestis. Teadaolevalt oli Rannus iseseisev preester juba 1347. aastal. Praegusel kohal paiknev p\u00fcha Martinuse kirik p\u00e4rineb 15. sajandist. Sellele viitavad m\u00f5ned kiriku kooris ja pikihoones s\u00e4ilinud detailid, mis samas kinnitavad, et Rannu kirik v\u00f5is sel ajal olla sisekujunduselt Eesti kirikute hulgas \u00fcks v\u00e4ljapaistvamaid. Kiriku sisustus Kiriku sisustusest v\u00e4\u00e4rib k\u00f5ige enam [&hellip;]<\/p>\n","protected":false},"author":1,"featured_media":0,"parent":109,"menu_order":0,"comment_status":"closed","ping_status":"closed","template":"","meta":{"ngg_post_thumbnail":0,"footnotes":""},"_links":{"self":[{"href":"https:\/\/rannu.eelk.ee\/index.php?rest_route=\/wp\/v2\/pages\/115"}],"collection":[{"href":"https:\/\/rannu.eelk.ee\/index.php?rest_route=\/wp\/v2\/pages"}],"about":[{"href":"https:\/\/rannu.eelk.ee\/index.php?rest_route=\/wp\/v2\/types\/page"}],"author":[{"embeddable":true,"href":"https:\/\/rannu.eelk.ee\/index.php?rest_route=\/wp\/v2\/users\/1"}],"replies":[{"embeddable":true,"href":"https:\/\/rannu.eelk.ee\/index.php?rest_route=%2Fwp%2Fv2%2Fcomments&post=115"}],"version-history":[{"count":48,"href":"https:\/\/rannu.eelk.ee\/index.php?rest_route=\/wp\/v2\/pages\/115\/revisions"}],"predecessor-version":[{"id":1893,"href":"https:\/\/rannu.eelk.ee\/index.php?rest_route=\/wp\/v2\/pages\/115\/revisions\/1893"}],"up":[{"embeddable":true,"href":"https:\/\/rannu.eelk.ee\/index.php?rest_route=\/wp\/v2\/pages\/109"}],"wp:attachment":[{"href":"https:\/\/rannu.eelk.ee\/index.php?rest_route=%2Fwp%2Fv2%2Fmedia&parent=115"}],"curies":[{"name":"wp","href":"https:\/\/api.w.org\/{rel}","templated":true}]}}